{"id":10698,"date":"2024-07-16T02:59:10","date_gmt":"2024-07-16T02:59:10","guid":{"rendered":"https:\/\/luckydancefloor.com\/contact-us\/"},"modified":"2026-01-30T02:08:32","modified_gmt":"2026-01-30T02:08:32","slug":"contact-us","status":"publish","type":"page","link":"https:\/\/luckydancefloor.com\/fr\/contact-us\/","title":{"rendered":"Contactez-nous"},"content":{"rendered":"<p>[et_pb_section fb_built=\u00a0\u00bb1&Prime; _builder_version=\u00a0\u00bb4.27.0&Prime; _module_preset=\u00a0\u00bbdefault\u00a0\u00bb background_color=\u00a0\u00bb#606060&Prime; background_image=\u00a0\u00bbhttps:\/\/luckydancefloor.com\/wp-content\/uploads\/2024\/09\/contact-ban\u65e0\u5b57.png\u00a0\u00bb background_blend=\u00a0\u00bboverlay\u00a0\u00bb min_height=\u00a0\u00bb450px\u00a0\u00bb min_height_tablet=\u00a0\u00bb423px\u00a0\u00bb min_height_phone=\u00a0\u00bb190px\u00a0\u00bb min_height_last_edited=\u00a0\u00bbon|phone\u00a0\u00bb custom_padding=\u00a0\u00bb||0px|||\u00a0\u00bb background_last_edited=\u00a0\u00bbon|phone\u00a0\u00bb background_size_phone=\u00a0\u00bbcover\u00a0\u00bb global_colors_info=\u00a0\u00bb{}\u00a0\u00bb][et_pb_row _builder_version=\u00a0\u00bb4.27.0&Prime; _module_preset=\u00a0\u00bbdefault\u00a0\u00bb custom_padding=\u00a0\u00bb126px||0px|||\u00a0\u00bb custom_padding_tablet=\u00a0\u00bb126px||0px|||\u00a0\u00bb custom_padding_phone=\u00a0\u00bb16px||0px||false|false\u00a0\u00bb global_colors_info=\u00a0\u00bb{}\u00a0\u00bb][et_pb_column type=\u00a0\u00bb4_4&Prime; _builder_version=\u00a0\u00bb4.27.0&Prime; _module_preset=\u00a0\u00bbdefault\u00a0\u00bb global_colors_info=\u00a0\u00bb{}\u00a0\u00bb][et_pb_heading title=\u00a0\u00bbCONTACTEZ-NOUS\u00a0\u00bb _builder_version=\u00a0\u00bb4.27.4&Prime; _module_preset=\u00a0\u00bbdefault\u00a0\u00bb title_text_color=\u00a0\u00bb#FFFFFF\u00a0\u00bb title_font_size=\u00a0\u00bb65px\u00a0\u00bb custom_margin_phone=\u00a0\u00bb||0px||false|false\u00a0\u00bb hover_enabled=\u00a0\u00bb0&Prime; title_font_size_phone=\u00a0\u00bb31px\u00a0\u00bb title_text_shadow_style=\u00a0\u00bbpreset3&Prime; global_colors_info=\u00a0\u00bb{}\u00a0\u00bb title_level=\u00a0\u00bbh1&Prime; sticky_enabled=\u00a0\u00bb0&Prime;][\/et_pb_heading][\/et_pb_column][\/et_pb_row][\/et_pb_section][et_pb_section fb_built=\u00a0\u00bb1&Prime; custom_padding_last_edited=\u00a0\u00bbon|phone\u00a0\u00bb admin_label=\u00a0\u00bbContact\u00a0\u00bb _builder_version=\u00a0\u00bb4.27.2&Prime; _module_preset=\u00a0\u00bbdefault\u00a0\u00bb background_enable_color=\u00a0\u00bboff\u00a0\u00bb min_height=\u00a0\u00bb201.4px\u00a0\u00bb custom_padding=\u00a0\u00bb45px||25px|||\u00a0\u00bb custom_padding_tablet=\u00a0\u00bb45px||25px|||\u00a0\u00bb custom_padding_phone=\u00a0\u00bb||0px||false|false\u00a0\u00bb locked=\u00a0\u00bboff\u00a0\u00bb global_colors_info=\u00a0\u00bb{%22gcid-b6c4f12c-f25d-4f61-9fb1-6e96404634cd%22:%91%22background_color%22%93}\u00a0\u00bb][et_pb_row column_structure=\u00a0\u00bb1_2,1_2&Prime; _builder_version=\u00a0\u00bb4.27.4&Prime; _module_preset=\u00a0\u00bbdefault\u00a0\u00bb max_width=\u00a0\u00bb1320px\u00a0\u00bb custom_margin=\u00a0\u00bb||||false|false\u00a0\u00bb custom_padding=\u00a0\u00bb||||false|false\u00a0\u00bb global_colors_info=\u00a0\u00bb{}\u00a0\u00bb][et_pb_column type=\u00a0\u00bb1_2&Prime; _builder_version=\u00a0\u00bb4.25.2&Prime; _module_preset=\u00a0\u00bbdefault\u00a0\u00bb global_colors_info=\u00a0\u00bb{}\u00a0\u00bb][et_pb_heading title=\u00a0\u00bbPlus d&#039;informations\u00a0\u00bb _builder_version=\u00a0\u00bb4.27.4&Prime; _module_preset=\u00a0\u00bbdefault\u00a0\u00bb module_alignment=\u00a0\u00bbcenter\u00a0\u00bb custom_margin=\u00a0\u00bb||17px|||\u00a0\u00bb custom_margin_tablet=\u00a0\u00bb||17px|||\u00a0\u00bb custom_margin_phone=\u00a0\u00bb-20px|4px|||false|false\u00a0\u00bb custom_padding=\u00a0\u00bb8px|||0px|false|false\u00a0\u00bb custom_padding_phone=\u00a0\u00bb10px|0px||0px|false|false\u00a0\u00bb hover_enabled=\u00a0\u00bb0&Prime; title_text_align_tablet=\u00a0\u00bb\u00a0\u00bb title_text_align_phone=\u00a0\u00bbcenter\u00a0\u00bb title_text_align_last_edited=\u00a0\u00bbon|phone\u00a0\u00bb background_color_phone=\u00a0\u00bb#fef2cc\u00a0\u00bb border_width_all=\u00a0\u00bb2px\u00a0\u00bb global_colors_info=\u00a0\u00bb{}\u00a0\u00bb sticky_enabled=\u00a0\u00bb0&Prime;][\/et_pb_heading][et_pb_text _builder_version=\u00a0\u00bb4.27.4&Prime; _module_preset=\u00a0\u00bbdefault\u00a0\u00bb custom_margin=\u00a0\u00bb||7px|||\u00a0\u00bb custom_padding=\u00a0\u00bb||10px|||\u00a0\u00bb text_font_size_phone=\u00a0\u00bb16px\u00a0\u00bb global_colors_info=\u00a0\u00bb{}\u00a0\u00bb]<\/p>\n<ul>\n<li style=\"text-align: left;\"> Obtenir un devis<\/li>\n<li style=\"text-align: left;\"> Voir d&rsquo;autres photos et vid\u00e9os de produits<\/li>\n<li style=\"text-align: left;\"> Personnalisation<\/li>\n<li style=\"text-align: left;\"> Service de consultation individuelle<\/li>\n<li style=\"text-align: left;\"> Voir plus d&rsquo;effets de sc\u00e8ne de la piste de danse LED<\/li>\n<\/ul>\n<p>[\/et_pb_text][et_pb_blurb title=\u00a0\u00bbAdresse de l&#039;entreprise\u00a0\u00bb use_icon=\u00a0\u00bbon\u00a0\u00bb font_icon=\u00a0\u00bb&#xf276;||fa||900&Prime; _builder_version=\u00a0\u00bb4.27.4&Prime; _module_preset=\u00a0\u00bb07d1cdb3-4c5d-479a-a100-5ab8bf08cc1d\u00a0\u00bb header_level=\u00a0\u00bbh2&Prime; header_font=\u00a0\u00bb&#8211;et_global_heading_font||||||||\u00a0\u00bb body_font=\u00a0\u00bb&#8211;et_global_body_font||||||||\u00a0\u00bb body_text_color=\u00a0\u00bb#333333&Prime; body_font_size=\u00a0\u00bb17px\u00a0\u00bb custom_margin=\u00a0\u00bb||27px||false|false\u00a0\u00bb custom_padding=\u00a0\u00bb28px||||false|false\u00a0\u00bb hover_enabled=\u00a0\u00bb0&Prime; header_font_size_phone=\u00a0\u00bb20px\u00a0\u00bb body_font_tablet=\u00a0\u00bb&#8211;et_global_body_font||||||||\u00a0\u00bb body_font_phone=\u00a0\u00bb&#8211;et_global_body_font||||||||\u00a0\u00bb body_font_last_edited=\u00a0\u00bbon|desktop\u00a0\u00bb body_font_size_tablet=\u00a0\u00bb17px\u00a0\u00bb body_font_size_phone=\u00a0\u00bb16px\u00a0\u00bb body_font_size_last_edited=\u00a0\u00bbon|phone\u00a0\u00bb global_colors_info=\u00a0\u00bb{}\u00a0\u00bb sticky_enabled=\u00a0\u00bb0&Prime;]<\/p>\n<p>1\uff1aNo. 17, Dayang Road, district de Huadu, Guangzhou <br \/>2\uff1aNo. 19, Dongxiuling Road, district de Huadu, Guangzhou <br \/>3\uff1aB\u00e2timent A, No. 17 West Huadu Avenue, Tanbu Town, Huadu, Guangzhou  <\/p>\n<p>[\/et_pb_blurb][et_pb_blurb title=\u00a0\u00bbCall (WhatsApp)\u00a0\u00bb use_icon=\u00a0\u00bbon\u00a0\u00bb font_icon=\u00a0\u00bb&#xf10b;||fa||900&Prime; _builder_version=\u00a0\u00bb4.27.4&Prime; _module_preset=\u00a0\u00bb07d1cdb3-4c5d-479a-a100-5ab8bf08cc1d\u00a0\u00bb header_level=\u00a0\u00bbh2&Prime; header_font=\u00a0\u00bb&#8211;et_global_heading_font||||||||\u00a0\u00bb header_font_size=\u00a0\u00bb22px\u00a0\u00bb body_font=\u00a0\u00bb&#8211;et_global_body_font||||||||\u00a0\u00bb body_text_color=\u00a0\u00bb#333333&Prime; body_font_size=\u00a0\u00bb16px\u00a0\u00bb body_line_height=\u00a0\u00bb1.3em\u00a0\u00bb min_height=\u00a0\u00bb82.1px\u00a0\u00bb custom_margin=\u00a0\u00bb||25px||false|false\u00a0\u00bb hover_enabled=\u00a0\u00bb0&Prime; header_font_size_phone=\u00a0\u00bb20px\u00a0\u00bb global_colors_info=\u00a0\u00bb{}\u00a0\u00bb sticky_enabled=\u00a0\u00bb0&Prime;]<\/p>\n<p>+86 13326430418<\/p>\n<p>[\/et_pb_blurb][et_pb_blurb title=\u00a0\u00bbEmail\u00a0\u00bb use_icon=\u00a0\u00bbon\u00a0\u00bb font_icon=\u00a0\u00bb&#xf658;||fa||900&Prime; _builder_version=\u00a0\u00bb4.27.4&Prime; _module_preset=\u00a0\u00bb07d1cdb3-4c5d-479a-a100-5ab8bf08cc1d\u00a0\u00bb header_level=\u00a0\u00bbh2&Prime; header_font=\u00a0\u00bb&#8211;et_global_heading_font||||||||\u00a0\u00bb body_font_size=\u00a0\u00bb16px\u00a0\u00bb custom_margin=\u00a0\u00bb9px||||false|false\u00a0\u00bb custom_padding=\u00a0\u00bb28px||||false|false\u00a0\u00bb hover_enabled=\u00a0\u00bb0&Prime; header_font_size_phone=\u00a0\u00bb20px\u00a0\u00bb global_colors_info=\u00a0\u00bb{}\u00a0\u00bb sticky_enabled=\u00a0\u00bb0&Prime;]<\/p>\n<p><a href=\"mailto:sales1@luckydancefloor.com\">sales1@luckydancefloor.com<\/a><\/p>\n<p><a href=\"mailto:support@luckydancefloor.com\">support@luckydancefloor.com<\/a><\/p>\n<p>[\/et_pb_blurb][\/et_pb_column][et_pb_column type=\u00a0\u00bb1_2&Prime; _builder_version=\u00a0\u00bb4.25.2&Prime; _module_preset=\u00a0\u00bb29151e46-1730-43a9-a0b0-4d2b73d70358&Prime; global_colors_info=\u00a0\u00bb{}\u00a0\u00bb][et_pb_contact_form captcha=\u00a0\u00bboff\u00a0\u00bb email=\u00a0\u00bbsales1@luckydancefloor.com\u00a0\u00bb title=\u00a0\u00bbEnvoyez votre demande\u00a0\u00bb success_message=\u00a0\u00bbMerci de nous avoir contact\u00e9s ! Nous ferons en sorte qu&#039;un gestionnaire de client\u00e8le sp\u00e9cialis\u00e9 vous assiste. Nous appr\u00e9cions votre patience. Meilleures salutations, L&#039;\u00e9quipe Lucky Light\u00a0\u00bb submit_button_text=\u00a0\u00bbSend\u00a0\u00bb disabled_on=\u00a0\u00bbon|on|off\u00a0\u00bb _builder_version=\u00a0\u00bb4.27.4&Prime; _module_preset=\u00a0\u00bb4a9f9fe2-ebe6-4ee1-8a47-8d409b5a8302&Prime; title_level=\u00a0\u00bbh2&Prime; title_font=\u00a0\u00bb&#8211;et_global_heading_font||||||||\u00a0\u00bb title_text_align=\u00a0\u00bbcenter\u00a0\u00bb title_font_size=\u00a0\u00bb27px\u00a0\u00bb form_field_font=\u00a0\u00bb&#8211;et_global_body_font||||||||\u00a0\u00bb form_field_font_size=\u00a0\u00bb18px\u00a0\u00bb background_color=\u00a0\u00bbRGBA(255,255,255,0)\u00a0\u00bb background_enable_color=\u00a0\u00bbon\u00a0\u00bb width=\u00a0\u00bb100%\u00a0\u00bb max_width=\u00a0\u00bb100%\u00a0\u00bb custom_margin=\u00a0\u00bb||-2px|||\u00a0\u00bb custom_padding=\u00a0\u00bb||49px|||\u00a0\u00bb hover_enabled=\u00a0\u00bb0&Prime; title_font_size_phone=\u00a0\u00bb22px\u00a0\u00bb background_last_edited=\u00a0\u00bbon|desktop\u00a0\u00bb global_colors_info=\u00a0\u00bb{%22gcid-2ebbc52c-9ee6-4712-a077-fcaec9b98540%22:%91%22button_bg_color%22,%22button_bg_color%22,%22button_bg_color%22,%22button_bg_color%22%93,%22gcid-2bb820f4-8993-4899-8850-c73e9c1e988e%22:%91%22border_color_all%22,%22border_color_all%22,%22border_color_all%22%93}\u00a0\u00bb sticky_enabled=\u00a0\u00bb0&Prime;][et_pb_contact_field field_id=\u00a0\u00bbName\u00a0\u00bb field_title=\u00a0\u00bbNom\u00a0\u00bb fullwidth_field=\u00a0\u00bbon\u00a0\u00bb _builder_version=\u00a0\u00bb4.27.0&Prime; _module_preset=\u00a0\u00bbdefault\u00a0\u00bb global_colors_info=\u00a0\u00bb{}\u00a0\u00bb button_text_size__hover_enabled=\u00a0\u00bboff\u00a0\u00bb button_one_text_size__hover_enabled=\u00a0\u00bboff\u00a0\u00bb button_two_text_size__hover_enabled=\u00a0\u00bboff\u00a0\u00bb button_text_color__hover_enabled=\u00a0\u00bboff\u00a0\u00bb button_one_text_color__hover_enabled=\u00a0\u00bboff\u00a0\u00bb button_two_text_color__hover_enabled=\u00a0\u00bboff\u00a0\u00bb button_border_width__hover_enabled=\u00a0\u00bboff\u00a0\u00bb button_one_border_width__hover_enabled=\u00a0\u00bboff\u00a0\u00bb button_two_border_width__hover_enabled=\u00a0\u00bboff\u00a0\u00bb button_border_color__hover_enabled=\u00a0\u00bboff\u00a0\u00bb button_one_border_color__hover_enabled=\u00a0\u00bboff\u00a0\u00bb button_two_border_color__hover_enabled=\u00a0\u00bboff\u00a0\u00bb button_border_radius__hover_enabled=\u00a0\u00bboff\u00a0\u00bb button_one_border_radius__hover_enabled=\u00a0\u00bboff\u00a0\u00bb button_two_border_radius__hover_enabled=\u00a0\u00bboff\u00a0\u00bb button_letter_spacing__hover_enabled=\u00a0\u00bboff\u00a0\u00bb button_one_letter_spacing__hover_enabled=\u00a0\u00bboff\u00a0\u00bb button_two_letter_spacing__hover_enabled=\u00a0\u00bboff\u00a0\u00bb button_bg_color__hover_enabled=\u00a0\u00bboff\u00a0\u00bb button_one_bg_color__hover_enabled=\u00a0\u00bboff\u00a0\u00bb button_two_bg_color__hover_enabled=\u00a0\u00bboff\u00a0\u00bb][\/et_pb_contact_field][et_pb_contact_field field_id=\u00a0\u00bbEmail\u00a0\u00bb field_title=\u00a0\u00bbEmail Address\u00a0\u00bb field_type=\u00a0\u00bbemail\u00a0\u00bb fullwidth_field=\u00a0\u00bbon\u00a0\u00bb _builder_version=\u00a0\u00bb4.27.0&Prime; _module_preset=\u00a0\u00bbdefault\u00a0\u00bb global_colors_info=\u00a0\u00bb{}\u00a0\u00bb button_text_size__hover_enabled=\u00a0\u00bboff\u00a0\u00bb button_one_text_size__hover_enabled=\u00a0\u00bboff\u00a0\u00bb button_two_text_size__hover_enabled=\u00a0\u00bboff\u00a0\u00bb button_text_color__hover_enabled=\u00a0\u00bboff\u00a0\u00bb button_one_text_color__hover_enabled=\u00a0\u00bboff\u00a0\u00bb button_two_text_color__hover_enabled=\u00a0\u00bboff\u00a0\u00bb button_border_width__hover_enabled=\u00a0\u00bboff\u00a0\u00bb button_one_border_width__hover_enabled=\u00a0\u00bboff\u00a0\u00bb button_two_border_width__hover_enabled=\u00a0\u00bboff\u00a0\u00bb button_border_color__hover_enabled=\u00a0\u00bboff\u00a0\u00bb button_one_border_color__hover_enabled=\u00a0\u00bboff\u00a0\u00bb button_two_border_color__hover_enabled=\u00a0\u00bboff\u00a0\u00bb button_border_radius__hover_enabled=\u00a0\u00bboff\u00a0\u00bb button_one_border_radius__hover_enabled=\u00a0\u00bboff\u00a0\u00bb button_two_border_radius__hover_enabled=\u00a0\u00bboff\u00a0\u00bb button_letter_spacing__hover_enabled=\u00a0\u00bboff\u00a0\u00bb button_one_letter_spacing__hover_enabled=\u00a0\u00bboff\u00a0\u00bb button_two_letter_spacing__hover_enabled=\u00a0\u00bboff\u00a0\u00bb button_bg_color__hover_enabled=\u00a0\u00bboff\u00a0\u00bb button_one_bg_color__hover_enabled=\u00a0\u00bboff\u00a0\u00bb button_two_bg_color__hover_enabled=\u00a0\u00bboff\u00a0\u00bb][\/et_pb_contact_field][et_pb_contact_field field_id=\u00a0\u00bbWhatsApp_number\u00a0\u00bb field_title=\u00a0\u00bbNum\u00e9ro WhatsApp\u00a0\u00bb field_type=\u00a0\u00bbtext\u00a0\u00bb fullwidth_field=\u00a0\u00bbon\u00a0\u00bb _builder_version=\u00a0\u00bb4.27.4&Prime; _module_preset=\u00a0\u00bbdefault\u00a0\u00bb global_colors_info=\u00a0\u00bb{}\u00a0\u00bb button_text_size__hover_enabled=\u00a0\u00bboff\u00a0\u00bb button_one_text_size__hover_enabled=\u00a0\u00bboff\u00a0\u00bb button_two_text_size__hover_enabled=\u00a0\u00bboff\u00a0\u00bb button_text_color__hover_enabled=\u00a0\u00bboff\u00a0\u00bb button_one_text_color__hover_enabled=\u00a0\u00bboff\u00a0\u00bb button_two_text_color__hover_enabled=\u00a0\u00bboff\u00a0\u00bb button_border_width__hover_enabled=\u00a0\u00bboff\u00a0\u00bb button_one_border_width__hover_enabled=\u00a0\u00bboff\u00a0\u00bb button_two_border_width__hover_enabled=\u00a0\u00bboff\u00a0\u00bb button_border_color__hover_enabled=\u00a0\u00bboff\u00a0\u00bb button_one_border_color__hover_enabled=\u00a0\u00bboff\u00a0\u00bb button_two_border_color__hover_enabled=\u00a0\u00bboff\u00a0\u00bb button_border_radius__hover_enabled=\u00a0\u00bboff\u00a0\u00bb button_one_border_radius__hover_enabled=\u00a0\u00bboff\u00a0\u00bb button_two_border_radius__hover_enabled=\u00a0\u00bboff\u00a0\u00bb button_letter_spacing__hover_enabled=\u00a0\u00bboff\u00a0\u00bb button_one_letter_spacing__hover_enabled=\u00a0\u00bboff\u00a0\u00bb button_two_letter_spacing__hover_enabled=\u00a0\u00bboff\u00a0\u00bb button_bg_color__hover_enabled=\u00a0\u00bboff\u00a0\u00bb button_one_bg_color__hover_enabled=\u00a0\u00bboff\u00a0\u00bb button_two_bg_color__hover_enabled=\u00a0\u00bboff\u00a0\u00bb][\/et_pb_contact_field][et_pb_contact_field field_id=\u00a0\u00bbMessage\u00a0\u00bb field_title=\u00a0\u00bbMessage\u00a0\u00bb field_type=\u00a0\u00bbtext\u00a0\u00bb fullwidth_field=\u00a0\u00bbon\u00a0\u00bb _builder_version=\u00a0\u00bb4.27.0&Prime; _module_preset=\u00a0\u00bbdefault\u00a0\u00bb global_colors_info=\u00a0\u00bb{}\u00a0\u00bb button_text_size__hover_enabled=\u00a0\u00bboff\u00a0\u00bb button_one_text_size__hover_enabled=\u00a0\u00bboff\u00a0\u00bb button_two_text_size__hover_enabled=\u00a0\u00bboff\u00a0\u00bb button_text_color__hover_enabled=\u00a0\u00bboff\u00a0\u00bb button_one_text_color__hover_enabled=\u00a0\u00bboff\u00a0\u00bb button_two_text_color__hover_enabled=\u00a0\u00bboff\u00a0\u00bb button_border_width__hover_enabled=\u00a0\u00bboff\u00a0\u00bb button_one_border_width__hover_enabled=\u00a0\u00bboff\u00a0\u00bb button_two_border_width__hover_enabled=\u00a0\u00bboff\u00a0\u00bb button_border_color__hover_enabled=\u00a0\u00bboff\u00a0\u00bb button_one_border_color__hover_enabled=\u00a0\u00bboff\u00a0\u00bb button_two_border_color__hover_enabled=\u00a0\u00bboff\u00a0\u00bb button_border_radius__hover_enabled=\u00a0\u00bboff\u00a0\u00bb button_one_border_radius__hover_enabled=\u00a0\u00bboff\u00a0\u00bb button_two_border_radius__hover_enabled=\u00a0\u00bboff\u00a0\u00bb button_letter_spacing__hover_enabled=\u00a0\u00bboff\u00a0\u00bb button_one_letter_spacing__hover_enabled=\u00a0\u00bboff\u00a0\u00bb button_two_letter_spacing__hover_enabled=\u00a0\u00bboff\u00a0\u00bb button_bg_color__hover_enabled=\u00a0\u00bboff\u00a0\u00bb button_one_bg_color__hover_enabled=\u00a0\u00bboff\u00a0\u00bb button_two_bg_color__hover_enabled=\u00a0\u00bboff\u00a0\u00bb][\/et_pb_contact_field][\/et_pb_contact_form][\/et_pb_column][\/et_pb_row][\/et_pb_section][et_pb_section fb_built=\u00a0\u00bb1&Prime; custom_padding_last_edited=\u00a0\u00bbon|phone\u00a0\u00bb admin_label=\u00a0\u00bbMap\u00a0\u00bb _builder_version=\u00a0\u00bb4.27.2&Prime; _module_preset=\u00a0\u00bbdefault\u00a0\u00bb custom_margin=\u00a0\u00bb-22px|||||\u00a0\u00bb custom_margin_tablet=\u00a0\u00bb-22px|||||\u00a0\u00bb custom_margin_phone=\u00a0\u00bb0px||0px||false|false\u00a0\u00bb custom_margin_last_edited=\u00a0\u00bbon|phone\u00a0\u00bb custom_padding=\u00a0\u00bb12px|||||\u00a0\u00bb custom_padding_tablet=\u00a0\u00bb12px|||||\u00a0\u00bb custom_padding_phone=\u00a0\u00bb0px||4%||false|false\u00a0\u00bb global_colors_info=\u00a0\u00bb{}\u00a0\u00bb][et_pb_row _builder_version=\u00a0\u00bb4.25.2&Prime; _module_preset=\u00a0\u00bbdefault\u00a0\u00bb max_width=\u00a0\u00bb1320px\u00a0\u00bb custom_margin=\u00a0\u00bb-19px|auto||auto||\u00a0\u00bb global_colors_info=\u00a0\u00bb{}\u00a0\u00bb][et_pb_column type=\u00a0\u00bb4_4&Prime; _builder_version=\u00a0\u00bb4.25.2&Prime; _module_preset=\u00a0\u00bbdefault\u00a0\u00bb global_colors_info=\u00a0\u00bb{}\u00a0\u00bb][et_pb_code raw_content_tablet=\u00a0\u00bb\u00a0\u00bb raw_content_phone=\u00a0\u00bb<iframe src=%22https:\/\/www.google.com\/maps\/embed?pb=!1m18!1m12!1m3!1d3085.272292848118!2d113.21717060923059!3d23.132660468748693!2m3!1f0!2f0!3f0!3m2!1i1024!2i768!4f13.1!3m3!1m2!1s0x3402f840d934610b%3A0x1f77979db6f7487e!2z5bm_5Lic5YWJ55S156eR5oqA5Lqn5Lia5Z-65ZywM0Hlj7fmpbw!5e0!3m2!1szh-CN!2sde!4v1724079158398!5m2!1szh-CN!2sde%22 width=%22800%22 height=%22400%22 style=%22border:0;%22 allowfullscreen=%22%22 loading=%22lazy%22 referrerpolicy=%22no-referrer-when-downgrade%22><\/iframe>\u00a0\u00bb raw_content_last_edited=\u00a0\u00bbon|desktop\u00a0\u00bb _builder_version=\u00a0\u00bb4.27.2&Prime; _module_preset=\u00a0\u00bbdefault\u00a0\u00bb width=\u00a0\u00bb100%\u00a0\u00bb width_tablet=\u00a0\u00bb100%\u00a0\u00bb width_phone=\u00a0\u00bb\u00a0\u00bb width_last_edited=\u00a0\u00bbon|phone\u00a0\u00bb custom_margin=\u00a0\u00bb||||false|false\u00a0\u00bb custom_margin_tablet=\u00a0\u00bb||||false|false\u00a0\u00bb custom_margin_phone=\u00a0\u00bb||||false|false\u00a0\u00bb custom_margin_last_edited=\u00a0\u00bbon|desktop\u00a0\u00bb custom_padding_tablet=\u00a0\u00bb\u00a0\u00bb custom_padding_phone=\u00a0\u00bb||||false|false\u00a0\u00bb custom_padding_last_edited=\u00a0\u00bbon|phone\u00a0\u00bb global_colors_info=\u00a0\u00bb{}\u00a0\u00bb]<iframe src=\"https:\/\/www.google.com\/maps\/embed?pb=!1m18!1m12!1m3!1d3085.272292848118!2d113.21717060923059!3d23.132660468748693!2m3!1f0!2f0!3f0!3m2!1i1024!2i768!4f13.1!3m3!1m2!1s0x3402f840d934610b%3A0x1f77979db6f7487e!2z5bm_5Lic5YWJ55S156eR5oqA5Lqn5Lia5Z-65ZywM0Hlj7fmpbw!5e0!3m2!1szh-CN!2sde!4v1724079158398!5m2!1szh-CN!2sde\" width=\"1500\" height=\"600\" style=\"border:0;\" allowfullscreen=\"\" loading=\"lazy\" referrerpolicy=\"no-referrer-when-downgrade\"><\/iframe>[\/et_pb_code][et_pb_text _builder_version=\u00a0\u00bb4.27.4&Prime; _module_preset=\u00a0\u00bbdefault\u00a0\u00bb global_colors_info=\u00a0\u00bb{}\u00a0\u00bb]<\/p>\n<p>En raison du retrait de Google Maps de Chine, la localisation sur la carte peut \u00eatre inexacte. Si vous souhaitez visiter notre usine en personne, veuillez nous contacter sur WhatsApp pour obtenir les informations pr\u00e9cises d\u2019emplacement. <\/p>\n<p>[\/et_pb_text][\/et_pb_column][\/et_pb_row][\/et_pb_section]<\/p>\n","protected":false},"excerpt":{"rendered":"<p>Obtenir un devis Voir d&rsquo;autres photos et vid\u00e9os de produits Personnalisation Service de consultation individuelle Voir plus d&rsquo;effets de sc\u00e8ne de la piste de danse LED 1\uff1aNo. 17, Dayang Road, district de Huadu, Guangzhou 2\uff1aNo. 19, Dongxiuling Road, district de Huadu, Guangzhou 3\uff1aB\u00e2timent A, No. 17 West Huadu Avenue, Tanbu Town, Huadu, Guangzhou +86 13326430418sales1@luckydancefloor.com [&hellip;]<\/p>\n","protected":false},"author":1,"featured_media":0,"parent":0,"menu_order":0,"comment_status":"closed","ping_status":"closed","template":"","meta":{"_et_pb_use_builder":"on","_et_pb_old_content":"","_et_gb_content_width":"","footnotes":""},"dipi_cpt_category":[],"difl_page_category":[],"class_list":["post-10698","page","type-page","status-publish","hentry"],"_links":{"self":[{"href":"https:\/\/luckydancefloor.com\/fr\/wp-json\/wp\/v2\/pages\/10698","targetHints":{"allow":["GET"]}}],"collection":[{"href":"https:\/\/luckydancefloor.com\/fr\/wp-json\/wp\/v2\/pages"}],"about":[{"href":"https:\/\/luckydancefloor.com\/fr\/wp-json\/wp\/v2\/types\/page"}],"author":[{"embeddable":true,"href":"https:\/\/luckydancefloor.com\/fr\/wp-json\/wp\/v2\/users\/1"}],"replies":[{"embeddable":true,"href":"https:\/\/luckydancefloor.com\/fr\/wp-json\/wp\/v2\/comments?post=10698"}],"version-history":[{"count":9,"href":"https:\/\/luckydancefloor.com\/fr\/wp-json\/wp\/v2\/pages\/10698\/revisions"}],"predecessor-version":[{"id":23948134,"href":"https:\/\/luckydancefloor.com\/fr\/wp-json\/wp\/v2\/pages\/10698\/revisions\/23948134"}],"wp:attachment":[{"href":"https:\/\/luckydancefloor.com\/fr\/wp-json\/wp\/v2\/media?parent=10698"}],"wp:term":[{"taxonomy":"dipi_cpt_category","embeddable":true,"href":"https:\/\/luckydancefloor.com\/fr\/wp-json\/wp\/v2\/dipi_cpt_category?post=10698"},{"taxonomy":"difl_page_category","embeddable":true,"href":"https:\/\/luckydancefloor.com\/fr\/wp-json\/wp\/v2\/difl_page_category?post=10698"}],"curies":[{"name":"wp","href":"https:\/\/api.w.org\/{rel}","templated":true}]}}