{"id":10722,"date":"2024-07-23T09:32:30","date_gmt":"2024-07-23T09:32:30","guid":{"rendered":"https:\/\/luckydancefloor.com\/conditions-dutilisation\/"},"modified":"2025-03-10T03:06:41","modified_gmt":"2025-03-10T03:06:41","slug":"conditions-dutilisation","status":"publish","type":"page","link":"https:\/\/luckydancefloor.com\/fr\/conditions-dutilisation\/","title":{"rendered":"Conditions d&rsquo;utilisation"},"content":{"rendered":"\n[et_pb_section fb_built=\u00a0\u00bb1&Prime; admin_label=\u00a0\u00bbsection\u00a0\u00bb _builder_version=\u00a0\u00bb4.16&Prime; custom_padding=\u00a0\u00bb17px|||||\u00a0\u00bb global_colors_info=\u00a0\u00bb{}\u00a0\u00bb][et_pb_row admin_label=\u00a0\u00bbrow\u00a0\u00bb _builder_version=\u00a0\u00bb4.27.0&Prime; background_size=\u00a0\u00bbinitial\u00a0\u00bb background_position=\u00a0\u00bbtop_left\u00a0\u00bb background_repeat=\u00a0\u00bbrepeat\u00a0\u00bb width=\u00a0\u00bb65%\u00a0\u00bb module_alignment=\u00a0\u00bbcenter\u00a0\u00bb global_colors_info=\u00a0\u00bb{}\u00a0\u00bb][et_pb_column type=\u00a0\u00bb4_4&Prime; _builder_version=\u00a0\u00bb4.16&Prime; custom_padding=\u00a0\u00bb|||\u00a0\u00bb global_colors_info=\u00a0\u00bb{}\u00a0\u00bb custom_padding__hover=\u00a0\u00bb|||\u00a0\u00bb][et_pb_text admin_label=\u00a0\u00bbText\u00a0\u00bb _builder_version=\u00a0\u00bb4.27.0&Prime; text_text_color=\u00a0\u00bb#000000&Prime; text_font_size=\u00a0\u00bb16px\u00a0\u00bb header_text_color=\u00a0\u00bb#000000&Prime; background_size=\u00a0\u00bbinitial\u00a0\u00bb background_position=\u00a0\u00bbtop_left\u00a0\u00bb background_repeat=\u00a0\u00bbrepeat\u00a0\u00bb inline_fonts=\u00a0\u00bbAbhaya Libre\u00a0\u00bb global_colors_info=\u00a0\u00bb{}\u00a0\u00bb]<p><!-- divi:paragraph --><\/p>\n<p><span style=\"font-family: inherit; font-weight: normal; font-size: large;\"><strong>Date d&rsquo;entr\u00e9e en vigueur : 23 juillet 2024<\/strong><\/span><\/p>\n<p>Bienvenue sur <a rel=\"noreferrer noopener\" target=\"_new\" href=\"http:\/\/luckydancefloor.com\">luckydancefloor.com<\/a> (ci-apr\u00e8s d\u00e9nomm\u00e9 \u00ab\u00a0ce site web\u00a0\u00bb). Veuillez lire attentivement les pr\u00e9sentes conditions d&rsquo;utilisation avant d&rsquo;utiliser ce site web. En acc\u00e9dant et en utilisant ce site web, vous acceptez de vous conformer aux pr\u00e9sentes conditions. Si vous n&rsquo;acceptez pas ces conditions, veuillez ne pas utiliser ce site web.   <\/p>\n<p><strong>1. Conditions d&rsquo;utilisation<\/strong><\/p>\n<p>En acc\u00e9dant \u00e0 ce site web, vous d\u00e9clarez et garantissez que vous avez au moins 18 ans ou que vous acc\u00e9dez au site web sous la supervision d&rsquo;un tuteur. Vous acceptez de vous conformer \u00e0 toutes les lois et r\u00e9glementations applicables lors de l&rsquo;utilisation de ce site web. <\/p>\n<p><strong>2. Comptes utilisateur<\/strong><\/p>\n<p>Pour utiliser certaines fonctionnalit\u00e9s de ce site web, vous devrez peut-\u00eatre cr\u00e9er un compte. Vous \u00eates responsable de l&rsquo;exactitude et de la s\u00e9curit\u00e9 de vos informations de compte. Vous acceptez d&rsquo;\u00eatre responsable de toutes les activit\u00e9s qui se produisent sous votre compte. Si vous d\u00e9couvrez une utilisation non autoris\u00e9e de votre compte, veuillez nous en informer imm\u00e9diatement.   <\/p>\n<p><strong>3. Propri\u00e9t\u00e9 intellectuelle<\/strong><\/p>\n<p>Tout le contenu de ce site web, y compris mais sans s&rsquo;y limiter, le texte, les images, les ic\u00f4nes, les vid\u00e9os, les fichiers audio et les logiciels, est prot\u00e9g\u00e9 par des droits d&rsquo;auteur, des marques de commerce et d&rsquo;autres lois sur la propri\u00e9t\u00e9 intellectuelle. Vous ne pouvez pas copier, distribuer, modifier ou autrement exploiter le contenu de ce site web sans permission \u00e9crite explicite. <\/p>\n<p><strong>4. Contenu utilisateur<\/strong><\/p>\n<p>Tous les commentaires, suggestions, opinions, retours d&rsquo;informations ou autres contenus que vous publiez sur ce site web (ci-apr\u00e8s d\u00e9nomm\u00e9s \u00ab Contenu utilisateur \u00bb) seront consid\u00e9r\u00e9s comme non confidentiels et non exclusifs. En publiant du Contenu utilisateur, vous nous accordez une licence mondiale, perp\u00e9tuelle, irr\u00e9vocable, non exclusive et sans redevance pour utiliser, copier, modifier, distribuer et afficher ce contenu sous toute forme et sur tout support. <\/p>\n<p><strong>5. Conduite interdite<\/strong><\/p>\n<p>En utilisant ce site web, vous acceptez de ne pas :<\/p>\n<ul>\n<li>Publier ou transmettre tout contenu ill\u00e9gal, mena\u00e7ant, abusif, harcelant, diffamatoire, vulgaire, obsc\u00e8ne, calomnieux, envahissant la vie priv\u00e9e d&rsquo;autrui ou autrement r\u00e9pr\u00e9hensible.<\/li>\n<li>Usurper l&rsquo;identit\u00e9 d&rsquo;une personne ou d&rsquo;une entit\u00e9 ou faussement repr\u00e9senter votre affiliation avec une personne ou une entit\u00e9.<\/li>\n<li>Interf\u00e9rer avec ou perturber le bon fonctionnement du site web ou des serveurs ou r\u00e9seaux connect\u00e9s au site web.<\/li>\n<li>Attempt to gain unauthorized access to any part of the website, other accounts, computer systems, or networks.<\/li>\n<li>Utiliser tout moyen automatis\u00e9 (tel que robots, araign\u00e9es, etc.) pour acc\u00e9der au site Web.<\/li>\n<\/ul>\n<p><strong>6. Avertissement<\/strong><\/p>\n<p>Le contenu de ce site web est fourni \u00e0 titre d&rsquo;information g\u00e9n\u00e9rale uniquement, et nous ne faisons aucune garantie ou d\u00e9claration concernant son exactitude, son exhaustivit\u00e9 ou sa pertinence. L&rsquo;utilisation de ce site web se fait \u00e0 vos propres risques. Les services fournis sur ce site web sont fournis \u00ab\u00a0tels quels\u00a0\u00bb et \u00ab\u00a0selon disponibilit\u00e9\u00a0\u00bb, et nous ne faisons aucune garantie expresse ou implicite, y compris mais sans s&rsquo;y limiter, les garanties de commercialisation, d&rsquo;ad\u00e9quation \u00e0 un objectif particulier et de non-contrefa\u00e7on.  <\/p>\n<p><strong>7. Limitation de responsabilit\u00e9<\/strong><\/p>\n<p>Dans toute la mesure permise par la loi applicable, nous ne serons pas responsables de tout dommage direct, indirect, incident, sp\u00e9cial, cons\u00e9cutif ou punitif d\u00e9coulant de ou li\u00e9 \u00e0 votre utilisation ou votre impossibilit\u00e9 d&rsquo;utiliser ce site web, y compris mais sans s&rsquo;y limiter, la perte de profits, la perte de donn\u00e9es ou l&rsquo;interruption des affaires.<\/p>\n<p><strong>8. Indemnisation<\/strong><\/p>\n<p>Vous acceptez de d\u00e9fendre, indemniser et d\u00e9gager de toute responsabilit\u00e9 notre entreprise contre toute r\u00e9clamation, dommage, co\u00fbt et d\u00e9pense (y compris les honoraires d&rsquo;avocat raisonnables) d\u00e9coulant de ou li\u00e9s \u00e0 votre violation de ces conditions d&rsquo;utilisation ou de votre utilisation de ce site web.<\/p>\n<p><strong>9. Liens vers des sites tiers<\/strong><\/p>\n<p>Ce site web peut contenir des liens vers des sites web tiers. Nous ne sommes pas responsables du contenu ou des pratiques de confidentialit\u00e9 de ces sites tiers. Votre acc\u00e8s \u00e0 ces liens se fait \u00e0 vos risques et p\u00e9rils.  <\/p>\n<p><strong>10. Modifications des conditions<\/strong><\/p>\n<p>Nous nous r\u00e9servons le droit de modifier ces conditions d&rsquo;utilisation \u00e0 tout moment. Toute modification sera publi\u00e9e sur cette page, et les conditions d&rsquo;utilisation mises \u00e0 jour prendront effet d\u00e8s leur publication. Nous vous encourageons \u00e0 consulter r\u00e9guli\u00e8rement cette page pour rester inform\u00e9 des derni\u00e8res conditions d&rsquo;utilisation.  <\/p>\n<p><strong>11. R\u00e9siliation<\/strong><\/p>\n<p>Nous nous r\u00e9servons le droit de r\u00e9silier ou de suspendre imm\u00e9diatement votre acc\u00e8s \u00e0 ce site web pour toute raison, y compris mais sans s&rsquo;y limiter, en cas de violation de ces conditions d&rsquo;utilisation, sans pr\u00e9avis.<\/p>\n<p><strong>12. Loi applicable<\/strong><\/p>\n<p>Ces conditions d&rsquo;utilisation sont r\u00e9gies par les lois de la R\u00e9publique populaire de Chine, sans tenir compte de ses principes de conflits de lois. Vous acceptez que toute dispute li\u00e9e \u00e0 ces conditions d&rsquo;utilisation soit soumise aux tribunaux comp\u00e9tents dans notre localisation. <\/p>\n<p><strong>13. Contactez-nous<\/strong><\/p>\n<p>Si vous avez des questions ou avez besoin de plus d&rsquo;informations concernant ces conditions d&rsquo;utilisation, veuillez nous contacter \u00e0 l&rsquo;adresse suivante :<\/p>\n<p>Email: <a rel=\"noreferrer\">support@luckydancefloor.com<\/a><\/p>\n<p>Adresse : La troisi\u00e8me usine, N\u00b0 13, rue Haoyi, district de Huadu, ville de Guangzhou, province du Guangdong, Chine<\/p>\n<p>Thank you for visiting <a rel=\"noreferrer noopener\" target=\"_new\" href=\"http:\/\/luckydancefloor.com\">luckydancefloor.com<\/a> and using our services.<\/p>\n<p><!-- \/divi:paragraph --><\/p>[\/et_pb_text][\/et_pb_column][\/et_pb_row][\/et_pb_section]\n","protected":false},"excerpt":{"rendered":"<p>Date d&rsquo;entr\u00e9e en vigueur : 23 juillet 2024 Bienvenue sur luckydancefloor.com (ci-apr\u00e8s d\u00e9nomm\u00e9 \u00ab\u00a0ce site web\u00a0\u00bb). Veuillez lire attentivement les pr\u00e9sentes conditions d&rsquo;utilisation avant d&rsquo;utiliser ce site web. En acc\u00e9dant et en utilisant ce site web, vous acceptez de vous conformer aux pr\u00e9sentes conditions. Si vous n&rsquo;acceptez pas ces conditions, veuillez ne pas utiliser ce [&hellip;]<\/p>\n","protected":false},"author":1,"featured_media":0,"parent":0,"menu_order":0,"comment_status":"closed","ping_status":"closed","template":"","meta":{"_et_pb_use_builder":"on","_et_pb_old_content":"","_et_gb_content_width":"","footnotes":""},"dipi_cpt_category":[],"difl_page_category":[],"class_list":["post-10722","page","type-page","status-publish","hentry"],"_links":{"self":[{"href":"https:\/\/luckydancefloor.com\/fr\/wp-json\/wp\/v2\/pages\/10722","targetHints":{"allow":["GET"]}}],"collection":[{"href":"https:\/\/luckydancefloor.com\/fr\/wp-json\/wp\/v2\/pages"}],"about":[{"href":"https:\/\/luckydancefloor.com\/fr\/wp-json\/wp\/v2\/types\/page"}],"author":[{"embeddable":true,"href":"https:\/\/luckydancefloor.com\/fr\/wp-json\/wp\/v2\/users\/1"}],"replies":[{"embeddable":true,"href":"https:\/\/luckydancefloor.com\/fr\/wp-json\/wp\/v2\/comments?post=10722"}],"version-history":[{"count":1,"href":"https:\/\/luckydancefloor.com\/fr\/wp-json\/wp\/v2\/pages\/10722\/revisions"}],"predecessor-version":[{"id":10723,"href":"https:\/\/luckydancefloor.com\/fr\/wp-json\/wp\/v2\/pages\/10722\/revisions\/10723"}],"wp:attachment":[{"href":"https:\/\/luckydancefloor.com\/fr\/wp-json\/wp\/v2\/media?parent=10722"}],"wp:term":[{"taxonomy":"dipi_cpt_category","embeddable":true,"href":"https:\/\/luckydancefloor.com\/fr\/wp-json\/wp\/v2\/dipi_cpt_category?post=10722"},{"taxonomy":"difl_page_category","embeddable":true,"href":"https:\/\/luckydancefloor.com\/fr\/wp-json\/wp\/v2\/difl_page_category?post=10722"}],"curies":[{"name":"wp","href":"https:\/\/api.w.org\/{rel}","templated":true}]}}