{"id":10909,"date":"2024-07-23T09:32:30","date_gmt":"2024-07-23T09:32:30","guid":{"rendered":"https:\/\/luckydancefloor.com\/warunki-korzystania\/"},"modified":"2025-03-16T09:47:13","modified_gmt":"2025-03-16T09:47:13","slug":"warunki-korzystania","status":"publish","type":"page","link":"https:\/\/luckydancefloor.com\/pl\/warunki-korzystania\/","title":{"rendered":"Warunki korzystania"},"content":{"rendered":"\n[et_pb_section fb_built=&#8221;1&#8243; admin_label=&#8221;section&#8221; _builder_version=&#8221;4.16&#8243; custom_padding=&#8221;17px|||||&#8221; global_colors_info=&#8221;{}&#8221;][et_pb_row admin_label=&#8221;row&#8221; _builder_version=&#8221;4.27.0&#8243; background_size=&#8221;initial&#8221; background_position=&#8221;top_left&#8221; background_repeat=&#8221;repeat&#8221; width=&#8221;65%&#8221; module_alignment=&#8221;center&#8221; global_colors_info=&#8221;{}&#8221;][et_pb_column type=&#8221;4_4&#8243; _builder_version=&#8221;4.16&#8243; custom_padding=&#8221;|||&#8221; global_colors_info=&#8221;{}&#8221; custom_padding__hover=&#8221;|||&#8221;][et_pb_text admin_label=&#8221;Text&#8221; _builder_version=&#8221;4.27.0&#8243; text_text_color=&#8221;#000000&#8243; text_font_size=&#8221;16px&#8221; header_text_color=&#8221;#000000&#8243; background_size=&#8221;initial&#8221; background_position=&#8221;top_left&#8221; background_repeat=&#8221;repeat&#8221; inline_fonts=&#8221;Abhaya Libre&#8221; global_colors_info=&#8221;{}&#8221;]<p><!-- divi:paragraph --><\/p>\n<p><span style=\"font-family: inherit; font-weight: normal; font-size: large;\"><strong>Data wej\u015bcia w \u017cycie: 23 lipca 2024 r.<\/strong><\/span><\/p>\n<p>Witamy na <a rel=\"noreferrer noopener\" target=\"_new\" href=\"http:\/\/luckydancefloor.com\">luckydancefloor.com<\/a> (dalej &#8222;ta strona internetowa&#8221;). Prosimy o dok\u0142adne zapoznanie si\u0119 z poni\u017cszymi warunkami przed skorzystaniem z tej strony. Korzystaj\u0105c z tej strony, zgadzasz si\u0119 przestrzega\u0107 poni\u017cszych warunk\u00f3w. Je\u015bli si\u0119 z nimi nie zgadzasz, prosimy nie korzysta\u0107 z tej strony.   <\/p>\n<p><strong>1. Warunki korzystania<\/strong><\/p>\n<p>Uzyskuj\u0105c dost\u0119p do tej strony, potwierdzasz, \u017ce masz co najmniej 18 lat lub korzystasz z tej strony pod nadzorem opiekuna. Zgadzasz si\u0119 przestrzega\u0107 wszystkich obowi\u0105zuj\u0105cych przepis\u00f3w prawnych podczas korzystania z tej strony. <\/p>\n<p><strong>2. Konta u\u017cytkownik\u00f3w<\/strong><\/p>\n<p>Aby korzysta\u0107 z niekt\u00f3rych funkcji tej strony, mo\u017cesz potrzebowa\u0107 utworzy\u0107 konto. Jeste\u015b odpowiedzialny za dok\u0142adno\u015b\u0107 i bezpiecze\u0144stwo swoich danych konta. Zgadzasz si\u0119 ponosi\u0107 odpowiedzialno\u015b\u0107 za wszystkie dzia\u0142ania podejmowane w ramach Twojego konta. Je\u015bli odkryjesz jakiekolwiek nieautoryzowane u\u017cycie swojego konta, prosimy o niezw\u0142oczne powiadomienie nas.   <\/p>\n<p><strong>3. W\u0142asno\u015b\u0107 intelektualna<\/strong><\/p>\n<p>Wszystkie tre\u015bci na tej stronie, w tym, ale nie tylko, teksty, obrazy, ikony, filmy, d\u017awi\u0119ki i oprogramowanie, s\u0105 chronione prawami autorskimi, znakami towarowymi i innymi przepisami dotycz\u0105cymi w\u0142asno\u015bci intelektualnej. Nie mo\u017cesz kopiowa\u0107, dystrybuowa\u0107, modyfikowa\u0107 ani w inny spos\u00f3b wykorzystywa\u0107 tre\u015bci tej strony bez wyra\u017anej pisemnej zgody. <\/p>\n<p><strong>4. Tre\u015bci u\u017cytkownika<\/strong><\/p>\n<p>Wszelkie komentarze, sugestie, opinie, informacje zwrotne lub inne tre\u015bci, kt\u00f3re zamieszczasz na tej stronie (zwane dalej &#8222;Tre\u015bciami u\u017cytkownika&#8221;), b\u0119d\u0105 uwa\u017cane za niechronione i nieb\u0119d\u0105ce w\u0142asno\u015bci\u0105. Zamieszczaj\u0105c Tre\u015bci u\u017cytkownika, udzielasz nam licencji na ca\u0142ym \u015bwiecie, na czas nieokre\u015blony, nieodwo\u0142aln\u0105, niewy\u0142\u0105czn\u0105, bezp\u0142atn\u0105 licencj\u0119 do u\u017cywania, kopiowania, modyfikowania, dystrybuowania i wy\u015bwietlania tych tre\u015bci w dowolnej formie i mediach. <\/p>\n<p><strong>5. Niedozwolone zachowanie<\/strong><\/p>\n<p>Korzystaj\u0105c z tej strony, zgadzasz si\u0119 nie:<\/p>\n<ul>\n<li>Zamieszcza\u0107 ani przesy\u0142a\u0107 tre\u015bci niezgodnych z prawem, gro\u017anych, obra\u017aliwych, n\u0119kaj\u0105cych, znies\u0142awiaj\u0105cych, wulgarnych, obscenicznych, znies\u0142awiaj\u0105cych, naruszaj\u0105cych prywatno\u015b\u0107 innych os\u00f3b lub innych nieakceptowalnych tre\u015bci.<\/li>\n<li>Podszywa\u0107 si\u0119 pod jak\u0105kolwiek osob\u0119 lub podmiot lub fa\u0142szywie przedstawia\u0107 swoje powi\u0105zania z jak\u0105kolwiek osob\u0105 lub podmiotem.<\/li>\n<li>Zak\u0142\u00f3ca\u0107 lub przerywa\u0107 normalne dzia\u0142anie strony internetowej lub jakichkolwiek serwer\u00f3w lub sieci po\u0142\u0105czonych z t\u0105 stron\u0105.<\/li>\n<li>Pr\u00f3ba uzyskania nieautoryzowanego dost\u0119pu do jakiejkolwiek cz\u0119\u015bci strony internetowej, innych kont, system\u00f3w komputerowych lub sieci.<\/li>\n<li>Korzystanie z jakichkolwiek zautomatyzowanych \u015brodk\u00f3w (takich jak roboty, paj\u0105ki itp.) do uzyskiwania dost\u0119pu do strony internetowej.<\/li>\n<\/ul>\n<p><strong>6. Zastrze\u017cenie<\/strong><\/p>\n<p>Tre\u015bci na tej stronie internetowej s\u0142u\u017c\u0105 wy\u0142\u0105cznie og\u00f3lnym celom informacyjnym i nie udzielamy \u017cadnych gwarancji ani zapewnie\u0144 co do ich dok\u0142adno\u015bci, kompletno\u015bci lub przydatno\u015bci. Korzystasz z tej strony na w\u0142asne ryzyko. Us\u0142ugi \u015bwiadczone na tej stronie s\u0105 dost\u0119pne na zasadzie &#8222;tak jak jest&#8221; i &#8222;w miar\u0119 dost\u0119pno\u015bci&#8221;, a my nie udzielamy \u017cadnych wyra\u017anych ani dorozumianych gwarancji, w tym, ale nie wy\u0142\u0105cznie, gwarancji przydatno\u015bci handlowej, przydatno\u015bci do okre\u015blonego celu i braku naruszenia.  <\/p>\n<p><strong>7. Ograniczenie odpowiedzialno\u015bci<\/strong><\/p>\n<p>W maksymalnym zakresie dozwolonym przez obowi\u0105zuj\u0105ce prawo, nie ponosimy odpowiedzialno\u015bci za jakiekolwiek bezpo\u015brednie, po\u015brednie, przypadkowe, specjalne, wynikowe lub karne szkody wynik\u0142e z lub zwi\u0105zane z korzystaniem lub niemo\u017cno\u015bci\u0105 korzystania z tej strony, w tym, ale nie wy\u0142\u0105cznie, utrat\u0119 zysk\u00f3w, utrat\u0119 danych lub przerwanie dzia\u0142alno\u015bci.<\/p>\n<p><strong>8. Odszkodowanie<\/strong><\/p>\n<p>Zgadzasz si\u0119 broni\u0107 nas, odszkodowa\u0107 i chroni\u0107 przed wszelkimi roszczeniami, szkodami, kosztami i wydatkami (w tym rozs\u0105dne op\u0142aty prawnik\u00f3w), kt\u00f3re wynikaj\u0105 z lub s\u0105 zwi\u0105zane z naruszeniem przez Ciebie tych warunk\u00f3w u\u017cytkowania lub z korzystania z tej strony internetowej.<\/p>\n<p><strong>9. Linki do stron trzecich<\/strong><\/p>\n<p>Ta strona internetowa mo\u017ce zawiera\u0107 linki do stron internetowych os\u00f3b trzecich. Nie ponosimy odpowiedzialno\u015bci za tre\u015bci ani praktyki prywatno\u015bci tych stron. Dost\u0119p do tych link\u00f3w odbywa si\u0119 na Twoje w\u0142asne ryzyko.  <\/p>\n<p><strong>10. Zmiany w warunkach<\/strong><\/p>\n<p>Zastrzegamy sobie prawo do modyfikacji tych warunk\u00f3w u\u017cytkowania w dowolnym czasie. Wszelkie zmiany zostan\u0105 opublikowane na tej stronie, a zaktualizowane warunki u\u017cytkowania wejd\u0105 w \u017cycie po ich opublikowaniu. Zach\u0119camy do okresowego przegl\u0105dania tej strony, aby by\u0107 na bie\u017c\u0105co z najnowszymi warunkami u\u017cytkowania.  <\/p>\n<p><strong>11. Zako\u0144czenie<\/strong><\/p>\n<p>Zastrzegamy sobie prawo do natychmiastowego zako\u0144czenia lub zawieszenia dost\u0119pu do tej strony z dowolnego powodu, w tym, ale nie wy\u0142\u0105cznie, w przypadku naruszenia przez Ciebie tych warunk\u00f3w u\u017cytkowania, bez uprzedniego powiadomienia.<\/p>\n<p><strong>12. Prawo w\u0142a\u015bciwe<\/strong><\/p>\n<p>Te warunki u\u017cytkowania podlegaj\u0105 prawu Chi\u0144skiej Ludowej Republiki, bez wzgl\u0119du na zasady kolizji przepis\u00f3w prawnych. Zgadzasz si\u0119, \u017ce wszelkie spory zwi\u0105zane z tymi warunkami u\u017cytkowania b\u0119d\u0105 rozstrzygane przez w\u0142a\u015bciwe s\u0105dy w naszej lokalizacji. <\/p>\n<p><strong>13. Skontaktuj si\u0119 z nami<\/strong><\/p>\n<p>Je\u015bli masz jakiekolwiek pytania lub potrzebujesz dalszych informacji na temat tych warunk\u00f3w u\u017cytkowania, skontaktuj si\u0119 z nami pod adresem:<\/p>\n<p>Email: <a rel=\"noreferrer\">support@luckydancefloor.com<\/a><\/p>\n<p>Address: The Third Factory, No. 13 Haoyi Street, Huadu District, Guangzhou City, Guangdong Province, China<\/p>\n<p>Thank you for visiting <a rel=\"noreferrer noopener\" target=\"_new\" href=\"http:\/\/luckydancefloor.com\">luckydancefloor.com<\/a> and using our services.<\/p>\n<p><!-- \/divi:paragraph --><\/p>[\/et_pb_text][\/et_pb_column][\/et_pb_row][\/et_pb_section]\n","protected":false},"excerpt":{"rendered":"<p>Data wej\u015bcia w \u017cycie: 23 lipca 2024 r. Witamy na luckydancefloor.com (dalej &#8222;ta strona internetowa&#8221;). Prosimy o dok\u0142adne zapoznanie si\u0119 z poni\u017cszymi warunkami przed skorzystaniem z tej strony. Korzystaj\u0105c z tej strony, zgadzasz si\u0119 przestrzega\u0107 poni\u017cszych warunk\u00f3w. Je\u015bli si\u0119 z nimi nie zgadzasz, prosimy nie korzysta\u0107 z tej strony. 1. Warunki korzystania Uzyskuj\u0105c dost\u0119p do [&hellip;]<\/p>\n","protected":false},"author":1,"featured_media":0,"parent":0,"menu_order":0,"comment_status":"closed","ping_status":"closed","template":"","meta":{"_et_pb_use_builder":"on","_et_pb_old_content":"","_et_gb_content_width":"","footnotes":""},"dipi_cpt_category":[],"difl_page_category":[],"class_list":["post-10909","page","type-page","status-publish","hentry"],"_links":{"self":[{"href":"https:\/\/luckydancefloor.com\/pl\/wp-json\/wp\/v2\/pages\/10909","targetHints":{"allow":["GET"]}}],"collection":[{"href":"https:\/\/luckydancefloor.com\/pl\/wp-json\/wp\/v2\/pages"}],"about":[{"href":"https:\/\/luckydancefloor.com\/pl\/wp-json\/wp\/v2\/types\/page"}],"author":[{"embeddable":true,"href":"https:\/\/luckydancefloor.com\/pl\/wp-json\/wp\/v2\/users\/1"}],"replies":[{"embeddable":true,"href":"https:\/\/luckydancefloor.com\/pl\/wp-json\/wp\/v2\/comments?post=10909"}],"version-history":[{"count":1,"href":"https:\/\/luckydancefloor.com\/pl\/wp-json\/wp\/v2\/pages\/10909\/revisions"}],"predecessor-version":[{"id":10910,"href":"https:\/\/luckydancefloor.com\/pl\/wp-json\/wp\/v2\/pages\/10909\/revisions\/10910"}],"wp:attachment":[{"href":"https:\/\/luckydancefloor.com\/pl\/wp-json\/wp\/v2\/media?parent=10909"}],"wp:term":[{"taxonomy":"dipi_cpt_category","embeddable":true,"href":"https:\/\/luckydancefloor.com\/pl\/wp-json\/wp\/v2\/dipi_cpt_category?post=10909"},{"taxonomy":"difl_page_category","embeddable":true,"href":"https:\/\/luckydancefloor.com\/pl\/wp-json\/wp\/v2\/difl_page_category?post=10909"}],"curies":[{"name":"wp","href":"https:\/\/api.w.org\/{rel}","templated":true}]}}